{"id":146,"date":"2020-02-17T13:21:10","date_gmt":"2020-02-17T13:21:10","guid":{"rendered":"https:\/\/demosites.io\/fitness-gb\/?page_id=146"},"modified":"2024-03-26T09:05:06","modified_gmt":"2024-03-26T08:05:06","slug":"contact","status":"publish","type":"page","link":"https:\/\/inobjekt.com\/en\/contact","title":{"rendered":"Contact"},"content":{"rendered":"\n<div id=\"wp-block-themeisle-blocks-advanced-columns-7d78cbd6\" class=\"wp-block-themeisle-blocks-advanced-columns has-1-columns has-desktop-equal-layout has-tablet-equal-layout has-mobile-equal-layout has-vertical-unset\"><div class=\"wp-block-themeisle-blocks-advanced-columns-overlay\"><\/div><div class=\"innerblocks-wrap\">\n<div id=\"wp-block-themeisle-blocks-advanced-column-e2c24b24\" class=\"wp-block-themeisle-blocks-advanced-column animated bounceInRight delay-100ms\">\n<figure class=\"wp-block-image alignwide size-full\"><img loading=\"lazy\" decoding=\"async\" width=\"1920\" height=\"628\" src=\"https:\/\/inobjekt.com\/wp-content\/uploads\/inodesk_lehrertisch_header1920.jpg\" alt=\"Header Lehrertisch ino.desk\" class=\"wp-image-2117\" srcset=\"https:\/\/inobjekt.com\/wp-content\/uploads\/inodesk_lehrertisch_header1920.jpg 1920w, https:\/\/inobjekt.com\/wp-content\/uploads\/inodesk_lehrertisch_header1920-300x98.jpg 300w, https:\/\/inobjekt.com\/wp-content\/uploads\/inodesk_lehrertisch_header1920-1024x335.jpg 1024w, https:\/\/inobjekt.com\/wp-content\/uploads\/inodesk_lehrertisch_header1920-768x251.jpg 768w, https:\/\/inobjekt.com\/wp-content\/uploads\/inodesk_lehrertisch_header1920-1536x502.jpg 1536w\" sizes=\"auto, (max-width: 1920px) 100vw, 1920px\" \/><\/figure>\n\n\n\n<span id=\"wp-block-themeisle-blocks-advanced-heading-164fa19b\" class=\"wp-block-themeisle-blocks-advanced-heading wp-block-themeisle-blocks-advanced-heading-164fa19b\"><strong><strong>Pers\u00f6nliche Beratung f\u00fcr Ihr individuelles Konzept<\/strong><\/strong><\/span>\n\n\n\n<h1 id=\"wp-block-themeisle-blocks-advanced-heading-7bf6cbf6\" class=\"wp-block-themeisle-blocks-advanced-heading wp-block-themeisle-blocks-advanced-heading-7bf6cbf6\">Kontakt <\/h1>\n\n\n<style>.wp-block-kadence-spacer.kt-block-spacer-146_87418c-0f .kt-block-spacer{height:60px;}.wp-block-kadence-spacer.kt-block-spacer-146_87418c-0f .kt-divider{border-top-width:1px;height:1px;border-top-color:#eee;width:80%;border-top-style:solid;}<\/style>\n<div class=\"wp-block-kadence-spacer aligncenter kt-block-spacer-146_87418c-0f\"><div class=\"kt-block-spacer kt-block-spacer-halign-center\"><hr class=\"kt-divider\"\/><\/div><\/div>\n\n\n\n<h2 class=\"wp-block-heading has-text-align-center\">Telefon<\/h2>\n\n\n\n<p class=\"has-text-align-center\">+49 (0)6283\/2236-0<\/p>\n\n\n\n<h2 class=\"wp-block-heading has-text-align-center\">E-Mail<\/h2>\n\n\n\n<p class=\"has-text-align-center\"><a href=\"mailto:info@inobjekt.com\">info@inobjekt.com<\/a><\/p>\n\n\n\n<h2 class=\"wp-block-heading has-text-align-center\">Kontaktformular<\/h2>\n<\/div>\n<\/div><\/div>\n\n\n\n<div class=\"wp-block-columns is-layout-flex wp-container-core-columns-is-layout-9d6595d7 wp-block-columns-is-layout-flex\">\n<div class=\"wp-block-column is-layout-flow wp-block-column-is-layout-flow\" style=\"flex-basis:100%\">\n<div class=\"wp-block-columns is-layout-flex wp-container-core-columns-is-layout-9d6595d7 wp-block-columns-is-layout-flex\">\n<div class=\"wp-block-column is-layout-flow wp-block-column-is-layout-flow\" style=\"flex-basis:100%\">\n<div id=\"wp-block-themeisle-blocks-advanced-columns-d2990c89\" class=\"wp-block-themeisle-blocks-advanced-columns alignfull has-2-columns has-desktop-equal-layout has-tablet-equal-layout has-mobile-collapsedRows-layout has-vertical-unset\"><div class=\"wp-block-themeisle-blocks-advanced-columns-overlay\"><\/div><div class=\"innerblocks-wrap\">\n<div id=\"wp-block-themeisle-blocks-advanced-column-d54fc59d\" class=\"wp-block-themeisle-blocks-advanced-column\"><div class=\"wpforms-container wpforms-container-full wpforms-block wpforms-block-013e8588-0f89-4beb-9e12-c5b446dbffd2\" id=\"wpforms-915\"><form id=\"wpforms-form-915\" class=\"wpforms-validate wpforms-form\" data-formid=\"915\" method=\"post\" enctype=\"multipart\/form-data\" action=\"\/en\/wp-json\/wp\/v2\/pages\/146\" data-token=\"3b7ea03025d4334a2a96e7a6bd038c7a\" data-token-time=\"1775296105\"><noscript class=\"wpforms-error-noscript\">Please enable JavaScript in your browser to complete this form.<\/noscript><div class=\"wpforms-field-container\"><div id=\"wpforms-915-field_1-container\" class=\"wpforms-field wpforms-field-name\" data-field-id=\"1\"><label class=\"wpforms-field-label\">Name <span class=\"wpforms-required-label\">*<\/span><\/label><div class=\"wpforms-field-row wpforms-field-medium\"><div class=\"wpforms-field-row-block wpforms-first wpforms-one-half\"><input type=\"text\" id=\"wpforms-915-field_1\" class=\"wpforms-field-name-first wpforms-field-required\" name=\"wpforms[fields][1][first]\" required><label for=\"wpforms-915-field_1\" class=\"wpforms-field-sublabel after\">First<\/label><\/div><div class=\"wpforms-field-row-block wpforms-one-half\"><input type=\"text\" id=\"wpforms-915-field_1-last\" class=\"wpforms-field-name-last wpforms-field-required\" name=\"wpforms[fields][1][last]\" required><label for=\"wpforms-915-field_1-last\" class=\"wpforms-field-sublabel after\">Last<\/label><\/div><\/div><\/div><div id=\"wpforms-915-field_2-container\" class=\"wpforms-field wpforms-field-text\" data-field-id=\"2\"><label class=\"wpforms-field-label\" for=\"wpforms-915-field_2\">Firma \/ Institution<\/label><input type=\"text\" id=\"wpforms-915-field_2\" class=\"wpforms-field-medium\" name=\"wpforms[fields][2]\" ><\/div><div id=\"wpforms-915-field_3-container\" class=\"wpforms-field wpforms-field-text\" data-field-id=\"3\"><label class=\"wpforms-field-label\" for=\"wpforms-915-field_3\">Telefon<\/label><input type=\"text\" id=\"wpforms-915-field_3\" class=\"wpforms-field-medium\" name=\"wpforms[fields][3]\" ><\/div><div id=\"wpforms-915-field_4-container\" class=\"wpforms-field wpforms-field-email\" data-field-id=\"4\"><label class=\"wpforms-field-label\" for=\"wpforms-915-field_4\">E-Mail <span class=\"wpforms-required-label\">*<\/span><\/label><input type=\"email\" id=\"wpforms-915-field_4\" class=\"wpforms-field-medium wpforms-field-required\" name=\"wpforms[fields][4]\" spellcheck=\"false\" required><\/div><div id=\"wpforms-915-field_5-container\" class=\"wpforms-field wpforms-field-textarea\" data-field-id=\"5\"><label class=\"wpforms-field-label\" for=\"wpforms-915-field_5\">Ihre Nachricht <span class=\"wpforms-required-label\">*<\/span><\/label><textarea id=\"wpforms-915-field_5\" class=\"wpforms-field-medium wpforms-field-required\" name=\"wpforms[fields][5]\" required><\/textarea><\/div><div id=\"wpforms-915-field_6-container\" class=\"wpforms-field wpforms-field-checkbox\" data-field-id=\"6\"><label class=\"wpforms-field-label\">Datenschutzerkl\u00e4rung <span class=\"wpforms-required-label\">*<\/span><\/label><ul id=\"wpforms-915-field_6\" class=\"wpforms-field-required\"><li class=\"choice-1 depth-1\"><input type=\"checkbox\" id=\"wpforms-915-field_6_1\" name=\"wpforms[fields][6][]\" value=\"akzeptieren\" required ><label class=\"wpforms-field-label-inline\" for=\"wpforms-915-field_6_1\">akzeptieren<\/label><\/li><\/ul><div class=\"wpforms-field-description wpforms-disclaimer-description\">Ich habe die Datenschutzerkl\u00e4rung zur Kenntnis genommen. Ich stimme zu, dass meine Angaben zur Kontaktaufnahme und f\u00fcr R\u00fcckfragen dauerhaft gespeichert werden.<br \/>\r\n<br \/>\r\nSie k\u00f6nnen Ihre Einwilligung jederzeit f\u00fcr die Zukunft per Mail an info@inobjekt.com widerrufen.<\/div><\/div><\/div><!-- .wpforms-field-container --><div class=\"wpforms-submit-container\" ><input type=\"hidden\" name=\"wpforms[id]\" value=\"915\"><input type=\"hidden\" name=\"page_title\" value=\"\"><input type=\"hidden\" name=\"page_url\" value=\"https:\/\/inobjekt.com\/en\/wp-json\/wp\/v2\/pages\/146\"><input type=\"hidden\" name=\"url_referer\" value=\"\"><button type=\"submit\" name=\"wpforms[submit]\" id=\"wpforms-submit-915\" class=\"wpforms-submit\" data-alt-text=\"Senden...\" data-submit-text=\"Absenden\" aria-live=\"assertive\" value=\"wpforms-submit\">Absenden<\/button><\/div><\/form><\/div>  <!-- .wpforms-container --><\/div>\n\n\n\n<div id=\"wp-block-themeisle-blocks-advanced-column-1f40dc10\" class=\"wp-block-themeisle-blocks-advanced-column\"><\/div>\n<\/div><\/div>\n<\/div>\n<\/div>\n<\/div>\n<\/div>\n","protected":false},"excerpt":{"rendered":"","protected":false},"author":1,"featured_media":0,"parent":0,"menu_order":0,"comment_status":"closed","ping_status":"closed","template":"page-templates\/template-pagebuilder-full-width.php","meta":{"neve_meta_sidebar":"full-width","neve_meta_container":"","neve_meta_enable_content_width":"on","neve_meta_content_width":100,"neve_meta_title_alignment":"","neve_meta_author_avatar":"","neve_post_elements_order":"","neve_meta_disable_header":"","neve_meta_disable_footer":"","neve_meta_disable_title":"","neve_meta_reading_time":"","_themeisle_gutenberg_block_has_review":false,"footnotes":""},"class_list":["post-146","page","type-page","status-publish","hentry"],"yoast_head":"<!-- This site is optimized with the Yoast SEO plugin v27.3 - https:\/\/yoast.com\/product\/yoast-seo-wordpress\/ -->\n<title>Kontakt &#8211; inobjekt Medienm\u00f6bel<\/title>\n<meta name=\"description\" content=\"Unverbindliche Beratung f\u00fcr individuelle Medienm\u00f6bel und Raumkonzepte f\u00fcr Konferenzr\u00e4ume, Schulungsr\u00e4ume, H\u00f6rs\u00e4le und Klassenzimmer.\" \/>\n<meta name=\"robots\" content=\"index, follow, max-snippet:-1, max-image-preview:large, max-video-preview:-1\" \/>\n<link rel=\"canonical\" href=\"https:\/\/inobjekt.com\/en\/contact\" \/>\n<meta property=\"og:locale\" content=\"en_GB\" \/>\n<meta property=\"og:type\" content=\"article\" \/>\n<meta property=\"og:title\" content=\"Kontakt &#8211; inobjekt Medienm\u00f6bel\" \/>\n<meta property=\"og:description\" content=\"Unverbindliche Beratung f\u00fcr individuelle Medienm\u00f6bel und Raumkonzepte f\u00fcr Konferenzr\u00e4ume, Schulungsr\u00e4ume, H\u00f6rs\u00e4le und Klassenzimmer.\" \/>\n<meta property=\"og:url\" content=\"https:\/\/inobjekt.com\/en\/contact\" \/>\n<meta property=\"og:site_name\" content=\"inobjekt Medienm\u00f6bel\" \/>\n<meta property=\"article:modified_time\" content=\"2024-03-26T08:05:06+00:00\" \/>\n<meta property=\"og:image\" content=\"https:\/\/inobjekt.com\/wp-content\/uploads\/inodesk_lehrertisch_header1920.jpg\" \/>\n<meta name=\"twitter:card\" content=\"summary_large_image\" \/>\n<meta name=\"twitter:label1\" content=\"Estimated reading time\" \/>\n\t<meta name=\"twitter:data1\" content=\"1 minute\" \/>\n<script type=\"application\/ld+json\" class=\"yoast-schema-graph\">{\"@context\":\"https:\\\/\\\/schema.org\",\"@graph\":[{\"@type\":\"WebPage\",\"@id\":\"https:\\\/\\\/inobjekt.com\\\/kontakt\",\"url\":\"https:\\\/\\\/inobjekt.com\\\/kontakt\",\"name\":\"Kontakt &#8211; inobjekt Medienm\u00f6bel\",\"isPartOf\":{\"@id\":\"https:\\\/\\\/inobjekt.com\\\/#website\"},\"primaryImageOfPage\":{\"@id\":\"https:\\\/\\\/inobjekt.com\\\/kontakt#primaryimage\"},\"image\":{\"@id\":\"https:\\\/\\\/inobjekt.com\\\/kontakt#primaryimage\"},\"thumbnailUrl\":\"https:\\\/\\\/inobjekt.com\\\/wp-content\\\/uploads\\\/inodesk_lehrertisch_header1920.jpg\",\"datePublished\":\"2020-02-17T13:21:10+00:00\",\"dateModified\":\"2024-03-26T08:05:06+00:00\",\"description\":\"Unverbindliche Beratung f\u00fcr individuelle Medienm\u00f6bel und Raumkonzepte f\u00fcr Konferenzr\u00e4ume, Schulungsr\u00e4ume, H\u00f6rs\u00e4le und Klassenzimmer.\",\"breadcrumb\":{\"@id\":\"https:\\\/\\\/inobjekt.com\\\/kontakt#breadcrumb\"},\"inLanguage\":\"en-GB\",\"potentialAction\":[{\"@type\":\"ReadAction\",\"target\":[\"https:\\\/\\\/inobjekt.com\\\/kontakt\"]}]},{\"@type\":\"ImageObject\",\"inLanguage\":\"en-GB\",\"@id\":\"https:\\\/\\\/inobjekt.com\\\/kontakt#primaryimage\",\"url\":\"https:\\\/\\\/inobjekt.com\\\/wp-content\\\/uploads\\\/inodesk_lehrertisch_header1920.jpg\",\"contentUrl\":\"https:\\\/\\\/inobjekt.com\\\/wp-content\\\/uploads\\\/inodesk_lehrertisch_header1920.jpg\"},{\"@type\":\"BreadcrumbList\",\"@id\":\"https:\\\/\\\/inobjekt.com\\\/kontakt#breadcrumb\",\"itemListElement\":[{\"@type\":\"ListItem\",\"position\":1,\"name\":\"Startseite\",\"item\":\"https:\\\/\\\/inobjekt.com\\\/\"},{\"@type\":\"ListItem\",\"position\":2,\"name\":\"Kontakt\"}]},{\"@type\":\"WebSite\",\"@id\":\"https:\\\/\\\/inobjekt.com\\\/#website\",\"url\":\"https:\\\/\\\/inobjekt.com\\\/\",\"name\":\"inobjekt\",\"description\":\"Individuelle Medienm\u00f6bel seit 1991\",\"publisher\":{\"@id\":\"https:\\\/\\\/inobjekt.com\\\/#organization\"},\"potentialAction\":[{\"@type\":\"SearchAction\",\"target\":{\"@type\":\"EntryPoint\",\"urlTemplate\":\"https:\\\/\\\/inobjekt.com\\\/?s={search_term_string}\"},\"query-input\":{\"@type\":\"PropertyValueSpecification\",\"valueRequired\":true,\"valueName\":\"search_term_string\"}}],\"inLanguage\":\"en-GB\"},{\"@type\":\"Organization\",\"@id\":\"https:\\\/\\\/inobjekt.com\\\/#organization\",\"name\":\"inobjekt GmbH\",\"url\":\"https:\\\/\\\/inobjekt.com\\\/\",\"logo\":{\"@type\":\"ImageObject\",\"inLanguage\":\"en-GB\",\"@id\":\"https:\\\/\\\/inobjekt.com\\\/#\\\/schema\\\/logo\\\/image\\\/\",\"url\":\"https:\\\/\\\/inobjekt.com\\\/wp-content\\\/uploads\\\/Firmenlogo.png\",\"contentUrl\":\"https:\\\/\\\/inobjekt.com\\\/wp-content\\\/uploads\\\/Firmenlogo.png\",\"width\":871,\"height\":266,\"caption\":\"inobjekt GmbH\"},\"image\":{\"@id\":\"https:\\\/\\\/inobjekt.com\\\/#\\\/schema\\\/logo\\\/image\\\/\"},\"sameAs\":[\"https:\\\/\\\/www.youtube.com\\\/channel\\\/UCJx3bDoDjvkjI4kJiMFdJ1w\"]}]}<\/script>\n<!-- \/ Yoast SEO plugin. -->","yoast_head_json":{"title":"Contact - inobjekt media furniture","description":"Non-binding advice for individual media furniture and room concepts for conference rooms, training rooms, lecture halls and classrooms.","robots":{"index":"index","follow":"follow","max-snippet":"max-snippet:-1","max-image-preview":"max-image-preview:large","max-video-preview":"max-video-preview:-1"},"canonical":"https:\/\/inobjekt.com\/en\/contact","og_locale":"en_GB","og_type":"article","og_title":"Kontakt &#8211; inobjekt Medienm\u00f6bel","og_description":"Unverbindliche Beratung f\u00fcr individuelle Medienm\u00f6bel und Raumkonzepte f\u00fcr Konferenzr\u00e4ume, Schulungsr\u00e4ume, H\u00f6rs\u00e4le und Klassenzimmer.","og_url":"https:\/\/inobjekt.com\/en\/contact","og_site_name":"inobjekt Medienm\u00f6bel","article_modified_time":"2024-03-26T08:05:06+00:00","og_image":[{"url":"https:\/\/inobjekt.com\/wp-content\/uploads\/inodesk_lehrertisch_header1920.jpg","type":"","width":"","height":""}],"twitter_card":"summary_large_image","twitter_misc":{"Estimated reading time":"1 minute"},"schema":{"@context":"https:\/\/schema.org","@graph":[{"@type":"WebPage","@id":"https:\/\/inobjekt.com\/kontakt","url":"https:\/\/inobjekt.com\/kontakt","name":"Contact - inobjekt media furniture","isPartOf":{"@id":"https:\/\/inobjekt.com\/#website"},"primaryImageOfPage":{"@id":"https:\/\/inobjekt.com\/kontakt#primaryimage"},"image":{"@id":"https:\/\/inobjekt.com\/kontakt#primaryimage"},"thumbnailUrl":"https:\/\/inobjekt.com\/wp-content\/uploads\/inodesk_lehrertisch_header1920.jpg","datePublished":"2020-02-17T13:21:10+00:00","dateModified":"2024-03-26T08:05:06+00:00","description":"Non-binding advice for individual media furniture and room concepts for conference rooms, training rooms, lecture halls and classrooms.","breadcrumb":{"@id":"https:\/\/inobjekt.com\/kontakt#breadcrumb"},"inLanguage":"en-GB","potentialAction":[{"@type":"ReadAction","target":["https:\/\/inobjekt.com\/kontakt"]}]},{"@type":"ImageObject","inLanguage":"en-GB","@id":"https:\/\/inobjekt.com\/kontakt#primaryimage","url":"https:\/\/inobjekt.com\/wp-content\/uploads\/inodesk_lehrertisch_header1920.jpg","contentUrl":"https:\/\/inobjekt.com\/wp-content\/uploads\/inodesk_lehrertisch_header1920.jpg"},{"@type":"BreadcrumbList","@id":"https:\/\/inobjekt.com\/kontakt#breadcrumb","itemListElement":[{"@type":"ListItem","position":1,"name":"Startseite","item":"https:\/\/inobjekt.com\/"},{"@type":"ListItem","position":2,"name":"Kontakt"}]},{"@type":"WebSite","@id":"https:\/\/inobjekt.com\/#website","url":"https:\/\/inobjekt.com\/","name":"inobjekt","description":"Individual media furniture since 1991","publisher":{"@id":"https:\/\/inobjekt.com\/#organization"},"potentialAction":[{"@type":"SearchAction","target":{"@type":"EntryPoint","urlTemplate":"https:\/\/inobjekt.com\/?s={search_term_string}"},"query-input":{"@type":"PropertyValueSpecification","valueRequired":true,"valueName":"search_term_string"}}],"inLanguage":"en-GB"},{"@type":"Organization","@id":"https:\/\/inobjekt.com\/#organization","name":"inobjekt GmbH","url":"https:\/\/inobjekt.com\/","logo":{"@type":"ImageObject","inLanguage":"en-GB","@id":"https:\/\/inobjekt.com\/#\/schema\/logo\/image\/","url":"https:\/\/inobjekt.com\/wp-content\/uploads\/Firmenlogo.png","contentUrl":"https:\/\/inobjekt.com\/wp-content\/uploads\/Firmenlogo.png","width":871,"height":266,"caption":"inobjekt GmbH"},"image":{"@id":"https:\/\/inobjekt.com\/#\/schema\/logo\/image\/"},"sameAs":["https:\/\/www.youtube.com\/channel\/UCJx3bDoDjvkjI4kJiMFdJ1w"]}]}},"_links":{"self":[{"href":"https:\/\/inobjekt.com\/en\/wp-json\/wp\/v2\/pages\/146","targetHints":{"allow":["GET"]}}],"collection":[{"href":"https:\/\/inobjekt.com\/en\/wp-json\/wp\/v2\/pages"}],"about":[{"href":"https:\/\/inobjekt.com\/en\/wp-json\/wp\/v2\/types\/page"}],"author":[{"embeddable":true,"href":"https:\/\/inobjekt.com\/en\/wp-json\/wp\/v2\/users\/1"}],"replies":[{"embeddable":true,"href":"https:\/\/inobjekt.com\/en\/wp-json\/wp\/v2\/comments?post=146"}],"version-history":[{"count":33,"href":"https:\/\/inobjekt.com\/en\/wp-json\/wp\/v2\/pages\/146\/revisions"}],"predecessor-version":[{"id":3542,"href":"https:\/\/inobjekt.com\/en\/wp-json\/wp\/v2\/pages\/146\/revisions\/3542"}],"wp:attachment":[{"href":"https:\/\/inobjekt.com\/en\/wp-json\/wp\/v2\/media?parent=146"}],"curies":[{"name":"wp","href":"https:\/\/api.w.org\/{rel}","templated":true}]}}