{"id":195,"date":"2020-02-19T14:11:53","date_gmt":"2020-02-19T14:11:53","guid":{"rendered":"https:\/\/demosites.io\/fitness-gb\/?page_id=195"},"modified":"2024-03-26T09:07:12","modified_gmt":"2024-03-26T08:07:12","slug":"imprint","status":"publish","type":"page","link":"https:\/\/inobjekt.com\/en\/imprint","title":{"rendered":"Imprint"},"content":{"rendered":"<figure class=\"wp-block-image alignwide size-full animated bounceInRight delay-100ms\"><img loading=\"lazy\" decoding=\"async\" width=\"1920\" height=\"628\" src=\"https:\/\/inobjekt.com\/wp-content\/uploads\/inovation_media-table_header1920.jpg\" alt=\"Header teacher&#039;s desk ino.vation\" class=\"wp-image-1829\" srcset=\"https:\/\/inobjekt.com\/wp-content\/uploads\/inovation_media-table_header1920.jpg 1920w, https:\/\/inobjekt.com\/wp-content\/uploads\/inovation_media-table_header1920-300x98.jpg 300w, https:\/\/inobjekt.com\/wp-content\/uploads\/inovation_media-table_header1920-1024x335.jpg 1024w, https:\/\/inobjekt.com\/wp-content\/uploads\/inovation_media-table_header1920-768x251.jpg 768w, https:\/\/inobjekt.com\/wp-content\/uploads\/inovation_media-table_header1920-1536x502.jpg 1536w, https:\/\/inobjekt.com\/wp-content\/uploads\/inovation_media-table_header1920-18x6.jpg 18w\" sizes=\"auto, (max-width: 1920px) 100vw, 1920px\" \/><\/figure>\n\n\n\n<div id=\"wp-block-themeisle-blocks-advanced-columns-f49c4a69\" class=\"wp-block-themeisle-blocks-advanced-columns has-1-columns has-desktop-equal-layout has-tablet-equal-layout has-mobile-equal-layout has-vertical-unset\"><div class=\"wp-block-themeisle-blocks-advanced-columns-overlay\"><\/div><div class=\"innerblocks-wrap\">\n<div id=\"wp-block-themeisle-blocks-advanced-column-ea025140\" class=\"wp-block-themeisle-blocks-advanced-column animated bounceInRight delay-100ms\">\n<span id=\"wp-block-themeisle-blocks-advanced-heading-be0dc2c7\" class=\"wp-block-themeisle-blocks-advanced-heading wp-block-themeisle-blocks-advanced-heading-be0dc2c7\"><strong>inobjekt<\/strong><\/span>\n\n\n\n<h1 id=\"wp-block-themeisle-blocks-advanced-heading-16f743c6\" class=\"wp-block-themeisle-blocks-advanced-heading wp-block-themeisle-blocks-advanced-heading-16f743c6\">Imprint<\/h1>\n<\/div>\n<\/div><\/div>\n\n\n<style>.wp-block-kadence-spacer.kt-block-spacer-195_a62030-26 .kt-block-spacer{height:60px;}.wp-block-kadence-spacer.kt-block-spacer-195_a62030-26 .kt-divider{border-top-width:1px;height:1px;border-top-color:#eee;width:80%;border-top-style:solid;}<\/style>\n<div class=\"wp-block-kadence-spacer aligncenter kt-block-spacer-195_a62030-26\"><div class=\"kt-block-spacer kt-block-spacer-halign-center\"><hr class=\"kt-divider\"\/><\/div><\/div>\n\n\n\n<h2 class=\"wp-block-heading\">Information according to \u00a7 5 TMG:<\/h2>\n\n\n\n<p>inobjekt Medienm\u00f6bel GmbH<br>Am Leutschenberg 1 A<br>D-74746 H\u00f6pfingen<\/p>\n\n\n\n<h2 class=\"wp-block-heading\">Represented by:<\/h2>\n\n\n\n<p>J\u00fcrgen Schmitt<\/p>\n\n\n\n<p>Michael Schmitt<\/p>\n\n\n\n<h2 class=\"wp-block-heading\">Contact:<\/h2>\n\n\n\n<p>Phone: +49 (0)6283 2236-0<br>Fax: +49 (0)6283 2236-20<br>E-mail: info@inobjekt.com<\/p>\n\n\n\n<h2 class=\"wp-block-heading\">Register entry:<\/h2>\n\n\n\n<p>Entry in the commercial register.<br>Register Court: Amtsgericht Mannheim<br>Registration number: HRB 460397<\/p>\n\n\n\n<h2 class=\"wp-block-heading\">Sales tax:<\/h2>\n\n\n\n<p>Sales tax identification number according to \u00a727 a Umsatzsteuergesetz:<br>DE 158806566<\/p>\n\n\n\n<h2 class=\"wp-block-heading\">Responsible for the content according to \u00a7 55 para. 2 RStV:<\/h2>\n\n\n\n<p>Michael Schmitt<\/p>\n\n\n\n<h2 class=\"wp-block-heading\">Professional indemnity insurance:<\/h2>\n\n\n\n<p>R+V<br>Mittlerer Pfad 24<br>70499 Stuttgart<\/p>\n\n\n\n<p>Area of application: Europe-wide<\/p>\n\n\n\n<h2 class=\"wp-block-heading\">Dispute resolution<\/h2>\n\n\n\n<p>The European Commission provides a platform for online dispute resolution (ODR): <a href=\"https:\/\/ec.europa.eu\/consumers\/odr\" target=\"_blank\" rel=\"noreferrer noopener\">https:\/\/ec.europa.eu\/consumers\/odr<\/a>.<br>You can find our e-mail address in the imprint above.<\/p>\n\n\n\n<p>We are not willing or obliged to participate in dispute resolution proceedings before a consumer arbitration board.<\/p>\n\n\n\n<h3 class=\"wp-block-heading\">Liability for contents<\/h3>\n\n\n\n<p>As a service provider, we are responsible for our own content on these pages in accordance with general legislation pursuant to Section 7 (1) of the German Telemedia Act (TMG). However, according to \u00a7\u00a7 8 to 10 TMG, we are not obliged as a service provider to monitor transmitted or stored third-party information or to investigate circumstances that indicate illegal activity.<\/p>\n\n\n\n<p>Obligations to remove or block the use of information in accordance with general laws remain unaffected by this. However, liability in this regard is only possible from the time of knowledge of a concrete infringement. If we become aware of corresponding infringements, we will remove this content immediately.<\/p>\n\n\n\n<h3 class=\"wp-block-heading\">Liability for links<\/h3>\n\n\n\n<p>Our offer contains links to external websites of third parties, on whose contents we have no influence. Therefore, we cannot assume any liability for these external contents. The respective provider or operator of the pages is always responsible for the content of the linked pages. The linked pages were checked for possible legal violations at the time of linking. Illegal contents were not recognisable at the time of linking.<\/p>\n\n\n\n<p>However, a permanent control of the contents of the linked pages is not reasonable without concrete evidence of a violation of the law. If we become aware of any infringements of the law, we will remove such links immediately.<\/p>\n\n\n\n<h3 class=\"wp-block-heading\">Copyright<\/h3>\n\n\n\n<p>The content and works created by the site operators on these pages are subject to German copyright law. Duplication, processing, distribution and any kind of exploitation outside the limits of copyright law require the written consent of the respective author or creator. Downloads and copies of this site are only permitted for private, non-commercial use.<\/p>\n\n\n\n<p>Insofar as the content on this page was not created by the operator, the copyrights of third parties are respected. In particular, third-party content is identified as such. Should you nevertheless become aware of a copyright infringement, please inform us accordingly. If we become aware of any infringements, we will remove such content immediately.<\/p>","protected":false},"excerpt":{"rendered":"<p>Information according to \u00a7 5 TMG: inobjekt Medienm\u00f6bel GmbHAm Leutschenberg 1 AD-74746 H\u00f6pfingen Represented by: J\u00fcrgen Schmitt Michael Schmitt Contact: Phone: +49 (0)6283 2236-0Telefax: +49 (0)6283 2236-20E-Mail: info@inobjekt.com Register entry: Entry in the commercial registerRegister court: Local court MannheimRegister number: HRB 460397 Sales tax: Sales tax identification number according to \u00a727 a sales tax law:DE 158806566 Responsible for the content according to \u00a7 55 Abs. 2 RStV: Michael Schmitt Professional liability insurance:...&nbsp;<a href=\"https:\/\/inobjekt.com\/en\/imprint\" rel=\"bookmark\">Read More \"<span class=\"screen-reader-text\">Imprint<\/span><\/a><\/p>","protected":false},"author":1,"featured_media":0,"parent":0,"menu_order":0,"comment_status":"closed","ping_status":"closed","template":"","meta":{"neve_meta_sidebar":"","neve_meta_container":"","neve_meta_enable_content_width":"off","neve_meta_content_width":0,"neve_meta_title_alignment":"","neve_meta_author_avatar":"","neve_post_elements_order":"","neve_meta_disable_header":"","neve_meta_disable_footer":"","neve_meta_disable_title":"on","neve_meta_reading_time":"","_themeisle_gutenberg_block_has_review":false,"footnotes":""},"class_list":["post-195","page","type-page","status-publish","hentry"],"yoast_head":"<!-- This site is optimized with the Yoast SEO plugin v27.4 - https:\/\/yoast.com\/product\/yoast-seo-wordpress\/ -->\n<title>Impressum &#8211; inobjekt Medienm\u00f6bel<\/title>\n<meta name=\"robots\" content=\"noindex, follow\" \/>\n<meta property=\"og:locale\" content=\"en_GB\" \/>\n<meta property=\"og:type\" content=\"article\" \/>\n<meta property=\"og:title\" content=\"Impressum &#8211; inobjekt Medienm\u00f6bel\" \/>\n<meta property=\"og:description\" content=\"Angaben gem\u00e4\u00df \u00a7 5 TMG: inobjekt Medienm\u00f6bel GmbHAm Leutschenberg 1 AD-74746 H\u00f6pfingen Vertreten durch: J\u00fcrgen Schmitt Michael Schmitt Kontakt: Telefon: +49 (0)6283 2236-0Telefax: +49 (0)6283 2236-20E-Mail: info@inobjekt.com Registereintrag: Eintragung im Handelsregister.Registergericht: Amtsgericht MannheimRegisternummer: HRB 460397 Umsatzsteuer: Umsatzsteuer-Identifikationsnummer gem\u00e4\u00df \u00a727 a Umsatzsteuergesetz:DE 158806566 Verantwortlich f\u00fcr den Inhalt nach \u00a7 55 Abs. 2 RStV: Michael Schmitt Berufshaftplichtversicherung:&hellip;&nbsp;Read More &raquo;Impressum\" \/>\n<meta property=\"og:url\" content=\"https:\/\/inobjekt.com\/en\/imprint\" \/>\n<meta property=\"og:site_name\" content=\"inobjekt Medienm\u00f6bel\" \/>\n<meta property=\"article:modified_time\" content=\"2024-03-26T08:07:12+00:00\" \/>\n<meta property=\"og:image\" content=\"https:\/\/inobjekt.com\/wp-content\/uploads\/inovation_lehrertisch_header1920.jpg\" \/>\n<meta name=\"twitter:card\" content=\"summary_large_image\" \/>\n<meta name=\"twitter:label1\" content=\"Estimated reading time\" \/>\n\t<meta name=\"twitter:data1\" content=\"3 minutes\" \/>\n<script type=\"application\/ld+json\" class=\"yoast-schema-graph\">{\"@context\":\"https:\\\/\\\/schema.org\",\"@graph\":[{\"@type\":\"WebPage\",\"@id\":\"https:\\\/\\\/inobjekt.com\\\/impressum\",\"url\":\"https:\\\/\\\/inobjekt.com\\\/impressum\",\"name\":\"Impressum &#8211; inobjekt Medienm\u00f6bel\",\"isPartOf\":{\"@id\":\"https:\\\/\\\/inobjekt.com\\\/#website\"},\"primaryImageOfPage\":{\"@id\":\"https:\\\/\\\/inobjekt.com\\\/impressum#primaryimage\"},\"image\":{\"@id\":\"https:\\\/\\\/inobjekt.com\\\/impressum#primaryimage\"},\"thumbnailUrl\":\"https:\\\/\\\/inobjekt.com\\\/wp-content\\\/uploads\\\/inovation_lehrertisch_header1920.jpg\",\"datePublished\":\"2020-02-19T14:11:53+00:00\",\"dateModified\":\"2024-03-26T08:07:12+00:00\",\"breadcrumb\":{\"@id\":\"https:\\\/\\\/inobjekt.com\\\/impressum#breadcrumb\"},\"inLanguage\":\"en-GB\",\"potentialAction\":[{\"@type\":\"ReadAction\",\"target\":[\"https:\\\/\\\/inobjekt.com\\\/impressum\"]}]},{\"@type\":\"ImageObject\",\"inLanguage\":\"en-GB\",\"@id\":\"https:\\\/\\\/inobjekt.com\\\/impressum#primaryimage\",\"url\":\"https:\\\/\\\/inobjekt.com\\\/wp-content\\\/uploads\\\/inovation_lehrertisch_header1920.jpg\",\"contentUrl\":\"https:\\\/\\\/inobjekt.com\\\/wp-content\\\/uploads\\\/inovation_lehrertisch_header1920.jpg\"},{\"@type\":\"BreadcrumbList\",\"@id\":\"https:\\\/\\\/inobjekt.com\\\/impressum#breadcrumb\",\"itemListElement\":[{\"@type\":\"ListItem\",\"position\":1,\"name\":\"Startseite\",\"item\":\"https:\\\/\\\/inobjekt.com\\\/\"},{\"@type\":\"ListItem\",\"position\":2,\"name\":\"Impressum\"}]},{\"@type\":\"WebSite\",\"@id\":\"https:\\\/\\\/inobjekt.com\\\/#website\",\"url\":\"https:\\\/\\\/inobjekt.com\\\/\",\"name\":\"inobjekt\",\"description\":\"Individuelle Medienm\u00f6bel seit 1991\",\"publisher\":{\"@id\":\"https:\\\/\\\/inobjekt.com\\\/#organization\"},\"potentialAction\":[{\"@type\":\"SearchAction\",\"target\":{\"@type\":\"EntryPoint\",\"urlTemplate\":\"https:\\\/\\\/inobjekt.com\\\/?s={search_term_string}\"},\"query-input\":{\"@type\":\"PropertyValueSpecification\",\"valueRequired\":true,\"valueName\":\"search_term_string\"}}],\"inLanguage\":\"en-GB\"},{\"@type\":\"Organization\",\"@id\":\"https:\\\/\\\/inobjekt.com\\\/#organization\",\"name\":\"inobjekt GmbH\",\"url\":\"https:\\\/\\\/inobjekt.com\\\/\",\"logo\":{\"@type\":\"ImageObject\",\"inLanguage\":\"en-GB\",\"@id\":\"https:\\\/\\\/inobjekt.com\\\/#\\\/schema\\\/logo\\\/image\\\/\",\"url\":\"https:\\\/\\\/inobjekt.com\\\/wp-content\\\/uploads\\\/Firmenlogo.png\",\"contentUrl\":\"https:\\\/\\\/inobjekt.com\\\/wp-content\\\/uploads\\\/Firmenlogo.png\",\"width\":871,\"height\":266,\"caption\":\"inobjekt GmbH\"},\"image\":{\"@id\":\"https:\\\/\\\/inobjekt.com\\\/#\\\/schema\\\/logo\\\/image\\\/\"},\"sameAs\":[\"https:\\\/\\\/www.youtube.com\\\/channel\\\/UCJx3bDoDjvkjI4kJiMFdJ1w\"]}]}<\/script>\n<!-- \/ Yoast SEO plugin. -->","yoast_head_json":{"title":"Imprint - inobjekt media furniture","robots":{"index":"noindex","follow":"follow"},"og_locale":"en_GB","og_type":"article","og_title":"Impressum &#8211; inobjekt Medienm\u00f6bel","og_description":"Angaben gem\u00e4\u00df \u00a7 5 TMG: inobjekt Medienm\u00f6bel GmbHAm Leutschenberg 1 AD-74746 H\u00f6pfingen Vertreten durch: J\u00fcrgen Schmitt Michael Schmitt Kontakt: Telefon: +49 (0)6283 2236-0Telefax: +49 (0)6283 2236-20E-Mail: info@inobjekt.com Registereintrag: Eintragung im Handelsregister.Registergericht: Amtsgericht MannheimRegisternummer: HRB 460397 Umsatzsteuer: Umsatzsteuer-Identifikationsnummer gem\u00e4\u00df \u00a727 a Umsatzsteuergesetz:DE 158806566 Verantwortlich f\u00fcr den Inhalt nach \u00a7 55 Abs. 2 RStV: Michael Schmitt Berufshaftplichtversicherung:&hellip;&nbsp;Read More &raquo;Impressum","og_url":"https:\/\/inobjekt.com\/en\/imprint","og_site_name":"inobjekt Medienm\u00f6bel","article_modified_time":"2024-03-26T08:07:12+00:00","og_image":[{"url":"https:\/\/inobjekt.com\/wp-content\/uploads\/inovation_lehrertisch_header1920.jpg","type":"","width":"","height":""}],"twitter_card":"summary_large_image","twitter_misc":{"Estimated reading time":"3 minutes"},"schema":{"@context":"https:\/\/schema.org","@graph":[{"@type":"WebPage","@id":"https:\/\/inobjekt.com\/impressum","url":"https:\/\/inobjekt.com\/impressum","name":"Imprint - inobjekt media furniture","isPartOf":{"@id":"https:\/\/inobjekt.com\/#website"},"primaryImageOfPage":{"@id":"https:\/\/inobjekt.com\/impressum#primaryimage"},"image":{"@id":"https:\/\/inobjekt.com\/impressum#primaryimage"},"thumbnailUrl":"https:\/\/inobjekt.com\/wp-content\/uploads\/inovation_lehrertisch_header1920.jpg","datePublished":"2020-02-19T14:11:53+00:00","dateModified":"2024-03-26T08:07:12+00:00","breadcrumb":{"@id":"https:\/\/inobjekt.com\/impressum#breadcrumb"},"inLanguage":"en-GB","potentialAction":[{"@type":"ReadAction","target":["https:\/\/inobjekt.com\/impressum"]}]},{"@type":"ImageObject","inLanguage":"en-GB","@id":"https:\/\/inobjekt.com\/impressum#primaryimage","url":"https:\/\/inobjekt.com\/wp-content\/uploads\/inovation_lehrertisch_header1920.jpg","contentUrl":"https:\/\/inobjekt.com\/wp-content\/uploads\/inovation_lehrertisch_header1920.jpg"},{"@type":"BreadcrumbList","@id":"https:\/\/inobjekt.com\/impressum#breadcrumb","itemListElement":[{"@type":"ListItem","position":1,"name":"Startseite","item":"https:\/\/inobjekt.com\/"},{"@type":"ListItem","position":2,"name":"Impressum"}]},{"@type":"WebSite","@id":"https:\/\/inobjekt.com\/#website","url":"https:\/\/inobjekt.com\/","name":"inobjekt","description":"Individual media furniture since 1991","publisher":{"@id":"https:\/\/inobjekt.com\/#organization"},"potentialAction":[{"@type":"SearchAction","target":{"@type":"EntryPoint","urlTemplate":"https:\/\/inobjekt.com\/?s={search_term_string}"},"query-input":{"@type":"PropertyValueSpecification","valueRequired":true,"valueName":"search_term_string"}}],"inLanguage":"en-GB"},{"@type":"Organization","@id":"https:\/\/inobjekt.com\/#organization","name":"inobjekt GmbH","url":"https:\/\/inobjekt.com\/","logo":{"@type":"ImageObject","inLanguage":"en-GB","@id":"https:\/\/inobjekt.com\/#\/schema\/logo\/image\/","url":"https:\/\/inobjekt.com\/wp-content\/uploads\/Firmenlogo.png","contentUrl":"https:\/\/inobjekt.com\/wp-content\/uploads\/Firmenlogo.png","width":871,"height":266,"caption":"inobjekt GmbH"},"image":{"@id":"https:\/\/inobjekt.com\/#\/schema\/logo\/image\/"},"sameAs":["https:\/\/www.youtube.com\/channel\/UCJx3bDoDjvkjI4kJiMFdJ1w"]}]}},"_links":{"self":[{"href":"https:\/\/inobjekt.com\/en\/wp-json\/wp\/v2\/pages\/195","targetHints":{"allow":["GET"]}}],"collection":[{"href":"https:\/\/inobjekt.com\/en\/wp-json\/wp\/v2\/pages"}],"about":[{"href":"https:\/\/inobjekt.com\/en\/wp-json\/wp\/v2\/types\/page"}],"author":[{"embeddable":true,"href":"https:\/\/inobjekt.com\/en\/wp-json\/wp\/v2\/users\/1"}],"replies":[{"embeddable":true,"href":"https:\/\/inobjekt.com\/en\/wp-json\/wp\/v2\/comments?post=195"}],"version-history":[{"count":15,"href":"https:\/\/inobjekt.com\/en\/wp-json\/wp\/v2\/pages\/195\/revisions"}],"predecessor-version":[{"id":3546,"href":"https:\/\/inobjekt.com\/en\/wp-json\/wp\/v2\/pages\/195\/revisions\/3546"}],"wp:attachment":[{"href":"https:\/\/inobjekt.com\/en\/wp-json\/wp\/v2\/media?parent=195"}],"curies":[{"name":"wp","href":"https:\/\/api.w.org\/{rel}","templated":true}]}}