{"id":3228,"date":"2024-02-05T16:39:47","date_gmt":"2024-02-05T15:39:47","guid":{"rendered":"https:\/\/inobjekt.com\/?page_id=3228"},"modified":"2024-03-26T09:02:42","modified_gmt":"2024-03-26T08:02:42","slug":"led-wall","status":"publish","type":"page","link":"https:\/\/inobjekt.com\/en\/conferencing\/media-walls\/led-wall","title":{"rendered":"Media wall led.wall"},"content":{"rendered":"<div id=\"wp-block-themeisle-blocks-advanced-columns-4c44d3b6\" class=\"wp-block-themeisle-blocks-advanced-columns has-1-columns has-desktop-equal-layout has-tablet-equal-layout has-mobile-equal-layout has-vertical-unset\"><div class=\"wp-block-themeisle-blocks-advanced-columns-overlay\"><\/div><div class=\"innerblocks-wrap\">\n<div id=\"wp-block-themeisle-blocks-advanced-column-a57a262b\" class=\"wp-block-themeisle-blocks-advanced-column animated bounceInRight delay-100ms\">\n<figure class=\"wp-block-image alignwide size-full\"><img loading=\"lazy\" decoding=\"async\" width=\"1920\" height=\"628\" src=\"https:\/\/inobjekt.com\/wp-content\/uploads\/mediawall_ledwall_header1920.jpg\" alt=\"\" class=\"wp-image-3230\" srcset=\"https:\/\/inobjekt.com\/wp-content\/uploads\/mediawall_ledwall_header1920.jpg 1920w, https:\/\/inobjekt.com\/wp-content\/uploads\/mediawall_ledwall_header1920-300x98.jpg 300w, https:\/\/inobjekt.com\/wp-content\/uploads\/mediawall_ledwall_header1920-1024x335.jpg 1024w, https:\/\/inobjekt.com\/wp-content\/uploads\/mediawall_ledwall_header1920-768x251.jpg 768w, https:\/\/inobjekt.com\/wp-content\/uploads\/mediawall_ledwall_header1920-1536x502.jpg 1536w, https:\/\/inobjekt.com\/wp-content\/uploads\/mediawall_ledwall_header1920-18x6.jpg 18w\" sizes=\"auto, (max-width: 1920px) 100vw, 1920px\" \/><\/figure>\n\n\n\n<span id=\"wp-block-themeisle-blocks-advanced-heading-164fa19b\" class=\"wp-block-themeisle-blocks-advanced-heading wp-block-themeisle-blocks-advanced-heading-164fa19b\"><strong><strong><a data-type=\"page\" data-id=\"141\" href=\"https:\/\/inobjekt.com\/en\/education\/\"><strong><\/strong><\/a><strong><a href=\"https:\/\/inobjekt.com\/en\/education\/\">Education<\/a><\/strong> \/ <strong><a href=\"https:\/\/inobjekt.com\/en\/conferencing\/\">Conferencing<\/a><\/strong><\/strong><\/strong><\/span>\n\n\n\n<h1 id=\"wp-block-themeisle-blocks-advanced-heading-7bf6cbf6\" class=\"wp-block-themeisle-blocks-advanced-heading wp-block-themeisle-blocks-advanced-heading-7bf6cbf6\">Media wall led.wall <\/h1>\n\n\n<style>.wp-block-kadence-spacer.kt-block-spacer-3228_adb45e-eb .kt-block-spacer{height:60px;}.wp-block-kadence-spacer.kt-block-spacer-3228_adb45e-eb .kt-divider{border-top-width:1px;height:1px;border-top-color:#eee;width:80%;border-top-style:solid;}<\/style>\n<div class=\"wp-block-kadence-spacer aligncenter kt-block-spacer-3228_adb45e-eb\"><div class=\"kt-block-spacer kt-block-spacer-halign-center\"><hr class=\"kt-divider\"\/><\/div><\/div>\n\n\n\n<p class=\"has-text-align-center\"><strong>The led.wall media wall is the prestigious solution for integrating displays and LED panels of any size. Customised configurations, sizes and designs make it the ideal solution for conference and seminar rooms, foyers and lecture halls.<\/strong>  <\/p>\n\n\n<style>.wp-block-kadence-spacer.kt-block-spacer-3228_94e666-fc .kt-block-spacer{height:60px;}.wp-block-kadence-spacer.kt-block-spacer-3228_94e666-fc .kt-divider{border-top-width:1px;height:1px;border-top-color:#eee;width:80%;border-top-style:solid;}<\/style>\n<div class=\"wp-block-kadence-spacer aligncenter kt-block-spacer-3228_94e666-fc\"><div class=\"kt-block-spacer kt-block-spacer-halign-center\"><hr class=\"kt-divider\"\/><\/div><\/div>\n\n\n\n<h2 class=\"wp-block-heading has-text-align-center\">Representative media wall for any image size<\/h2>\n\n\n\n<p>Developments in media technology are leading to new sizes of displays and LED panels. Image formats are also changing. No problem for inobjekt: the led.wall media wall adapts easily to any image size and format, making it the ideal solution for any type of room and application. In companies, for example, it finds its place in conference rooms and foyers. But customised media walls are also increasingly in demand in colleges and universities, providing a visual highlight in seminar rooms and lecture theatres. <\/p>\n\n\n\n<figure class=\"wp-block-image size-large\"><img loading=\"lazy\" decoding=\"async\" width=\"1024\" height=\"768\" src=\"https:\/\/inobjekt.com\/wp-content\/uploads\/mediawall_ledwall-1.jpg\" alt=\"\" class=\"wp-image-3232\" srcset=\"https:\/\/inobjekt.com\/wp-content\/uploads\/mediawall_ledwall-1.jpg 1024w, https:\/\/inobjekt.com\/wp-content\/uploads\/mediawall_ledwall-1-300x225.jpg 300w, https:\/\/inobjekt.com\/wp-content\/uploads\/mediawall_ledwall-1-768x576.jpg 768w, https:\/\/inobjekt.com\/wp-content\/uploads\/mediawall_ledwall-1-16x12.jpg 16w\" sizes=\"auto, (max-width: 1024px) 100vw, 1024px\" \/><\/figure>\n\n\n\n<h2 class=\"wp-block-heading has-text-align-center\">Visual highlight &amp; secure storage of media technology<\/h2>\n\n\n\n<p>Individual colours and designs to suit every room make the media wall a visual highlight. An optional loudspeaker cabinet on the side with high-quality loudspeaker fabric can be used as a visual accent if desired <\/p>\n\n\n\n<p>In addition to loudspeakers, the led.wall also offers optimum conditions for the attractive and secure integration of media technology for any application: for example, rails for 19\u2033 racks and video conferencing modules can be added. Sections of the media wall can be equipped with a separate lock and thus only made accessible to authorised persons.<\/p>\n\n\n\n<p>It also goes without saying that inobjekt takes into account controlled ventilation and extraction as well as installation and inspection conditions for media technicians.<\/p>\n<\/div>\n<\/div><\/div>\n\n\n<style>.wp-block-kadence-advancedgallery .kb-gallery-type-masonry.kb-gallery-id-3228_7d7d20-99{margin:-5px;}.kb-gallery-type-masonry.kb-gallery-id-3228_7d7d20-99 .kadence-blocks-gallery-item{padding:5px;}.kb-gallery-id-3228_7d7d20-99 .kadence-blocks-gallery-item .kb-gal-image-radius, .kb-gallery-id-3228_7d7d20-99 .kb-slide-item .kb-gal-image-radius img{border-radius:0px 0px 0px 0px;;}.kb-gallery-caption-style-bottom.kb-gallery-id-3228_7d7d20-99 .kadence-blocks-gallery-item .kadence-blocks-gallery-item-inner .kadence-blocks-gallery-item__caption, .kb-gallery-caption-style-bottom-hover.kb-gallery-id-3228_7d7d20-99 .kadence-blocks-gallery-item .kadence-blocks-gallery-item-inner .kadence-blocks-gallery-item__caption{background:linear-gradient(0deg, rgba(0, 0, 0, 0.8) 0, rgba(0, 0, 0, 0) 100%);}<\/style><div class=\"kb-gallery-wrap-id-3228_7d7d20-99 alignnone alignwide wp-block-kadence-advancedgallery\"><ul class=\"kb-gallery-ul kb-gallery-non-static kb-gallery-type-masonry kb-masonry-init kb-gallery-id-3228_7d7d20-99 kb-gallery-caption-style-bottom-hover kb-gallery-filter-none\" data-image-filter=\"none\" data-item-selector=\".kadence-blocks-gallery-item\" data-lightbox-caption=\"true\" data-columns-xxl=\"2\" data-columns-xl=\"2\" data-columns-md=\"2\" data-columns-sm=\"2\" data-columns-xs=\"1\" data-columns-ss=\"1\"><li class=\"kadence-blocks-gallery-item\" tabindex=\"0\"><div class=\"kadence-blocks-gallery-item-inner\"><figure class=\"kb-gallery-figure kadence-blocks-gallery-item-has-caption\"><div class=\"kb-gal-image-radius\" style=\"max-width:1024px;\"><div class=\"kb-gallery-image-contain kadence-blocks-gallery-intrinsic\" style=\"padding-bottom:75%;\"><img loading=\"lazy\" decoding=\"async\" src=\"https:\/\/inobjekt.com\/wp-content\/uploads\/mediawall_ledwall-4.jpg\" width=\"1024\" height=\"768\" alt=\"Media wall led.wall - 6-gang version with side speaker cabinets\" data-full-image=\"https:\/\/inobjekt.com\/wp-content\/uploads\/medienwand_ledwall_4.jpg\" data-light-image=\"https:\/\/inobjekt.com\/wp-content\/uploads\/medienwand_ledwall_4.jpg\" data-id=\"3244\" class=\"wp-image-3244\" srcset=\"https:\/\/inobjekt.com\/wp-content\/uploads\/mediawall_ledwall-4.jpg 1024w, https:\/\/inobjekt.com\/wp-content\/uploads\/mediawall_ledwall-4-300x225.jpg 300w, https:\/\/inobjekt.com\/wp-content\/uploads\/mediawall_ledwall-4-768x576.jpg 768w, https:\/\/inobjekt.com\/wp-content\/uploads\/mediawall_ledwall-4-16x12.jpg 16w\" sizes=\"auto, (max-width: 1024px) 100vw, 1024px\" \/><\/div><div class=\"kadence-blocks-gallery-item__caption\">Media wall led.wall - 6-gang version with side speaker cabinets<\/div><\/div><\/figure><\/div><\/li><li class=\"kadence-blocks-gallery-item\" tabindex=\"0\"><div class=\"kadence-blocks-gallery-item-inner\"><figure class=\"kb-gallery-figure kadence-blocks-gallery-item-has-caption\"><div class=\"kb-gal-image-radius\" style=\"max-width:1024px;\"><div class=\"kb-gallery-image-contain kadence-blocks-gallery-intrinsic\" style=\"padding-bottom:75%;\"><img loading=\"lazy\" decoding=\"async\" src=\"https:\/\/inobjekt.com\/wp-content\/uploads\/mediawall_ledwall-3.jpg\" width=\"1024\" height=\"768\" alt=\"Media wall led.wall - 6-gang version without loudspeaker cabinets\" data-full-image=\"https:\/\/inobjekt.com\/wp-content\/uploads\/medienwand_ledwall_3.jpg\" data-light-image=\"https:\/\/inobjekt.com\/wp-content\/uploads\/medienwand_ledwall_3.jpg\" data-id=\"3238\" class=\"wp-image-3238\" srcset=\"https:\/\/inobjekt.com\/wp-content\/uploads\/mediawall_ledwall-3.jpg 1024w, https:\/\/inobjekt.com\/wp-content\/uploads\/mediawall_ledwall-3-300x225.jpg 300w, https:\/\/inobjekt.com\/wp-content\/uploads\/mediawall_ledwall-3-768x576.jpg 768w, https:\/\/inobjekt.com\/wp-content\/uploads\/mediawall_ledwall-3-16x12.jpg 16w\" sizes=\"auto, (max-width: 1024px) 100vw, 1024px\" \/><\/div><div class=\"kadence-blocks-gallery-item__caption\">Media wall led.wall - 6-gang version without loudspeaker cabinets<\/div><\/div><\/figure><\/div><\/li><li class=\"kadence-blocks-gallery-item\" tabindex=\"0\"><div class=\"kadence-blocks-gallery-item-inner\"><figure class=\"kb-gallery-figure kadence-blocks-gallery-item-has-caption\"><div class=\"kb-gal-image-radius\" style=\"max-width:1024px;\"><div class=\"kb-gallery-image-contain kadence-blocks-gallery-intrinsic\" style=\"padding-bottom:75%;\"><img loading=\"lazy\" decoding=\"async\" src=\"https:\/\/inobjekt.com\/wp-content\/uploads\/mediawall_ledwall-2.jpg\" width=\"1024\" height=\"768\" alt=\"Media wall led.wall - 4-gang version with side speaker cabinets\" data-full-image=\"https:\/\/inobjekt.com\/wp-content\/uploads\/medienwand_ledwall_2.jpg\" data-light-image=\"https:\/\/inobjekt.com\/wp-content\/uploads\/medienwand_ledwall_2.jpg\" data-id=\"3235\" class=\"wp-image-3235\" srcset=\"https:\/\/inobjekt.com\/wp-content\/uploads\/mediawall_ledwall-2.jpg 1024w, https:\/\/inobjekt.com\/wp-content\/uploads\/mediawall_ledwall-2-300x225.jpg 300w, https:\/\/inobjekt.com\/wp-content\/uploads\/mediawall_ledwall-2-768x576.jpg 768w, https:\/\/inobjekt.com\/wp-content\/uploads\/mediawall_ledwall-2-16x12.jpg 16w\" sizes=\"auto, (max-width: 1024px) 100vw, 1024px\" \/><\/div><div class=\"kadence-blocks-gallery-item__caption\">Media wall led.wall - 4-gang version with side speaker cabinets<\/div><\/div><\/figure><\/div><\/li><li class=\"kadence-blocks-gallery-item\" tabindex=\"0\"><div class=\"kadence-blocks-gallery-item-inner\"><figure class=\"kb-gallery-figure kadence-blocks-gallery-item-has-caption\"><div class=\"kb-gal-image-radius\" style=\"max-width:1024px;\"><div class=\"kb-gallery-image-contain kadence-blocks-gallery-intrinsic\" style=\"padding-bottom:75%;\"><img loading=\"lazy\" decoding=\"async\" src=\"https:\/\/inobjekt.com\/wp-content\/uploads\/mediawall_ledwall.jpg\" width=\"1024\" height=\"768\" alt=\"Media wall led.wall - 8-gang version with loudspeaker cabinets on the side\" data-full-image=\"https:\/\/inobjekt.com\/wp-content\/uploads\/medienwand_ledwall.jpg\" data-light-image=\"https:\/\/inobjekt.com\/wp-content\/uploads\/medienwand_ledwall.jpg\" data-id=\"3234\" class=\"wp-image-3234\" srcset=\"https:\/\/inobjekt.com\/wp-content\/uploads\/mediawall_ledwall.jpg 1024w, https:\/\/inobjekt.com\/wp-content\/uploads\/mediawall_ledwall-300x225.jpg 300w, https:\/\/inobjekt.com\/wp-content\/uploads\/mediawall_ledwall-768x576.jpg 768w, https:\/\/inobjekt.com\/wp-content\/uploads\/mediawall_ledwall-16x12.jpg 16w\" sizes=\"auto, (max-width: 1024px) 100vw, 1024px\" \/><\/div><div class=\"kadence-blocks-gallery-item__caption\">Media wall led.wall - 8-gang version with loudspeaker cabinets on the side<\/div><\/div><\/figure><\/div><\/li><\/ul><\/div>\n\n\n<div id=\"wp-block-themeisle-blocks-advanced-columns-300da763\" class=\"wp-block-themeisle-blocks-advanced-columns alignfull has-3-columns has-desktop-oneThreeOne-layout has-tablet-oneThreeOne-layout has-mobile-collapsedRows-layout has-vertical-unset\"><div class=\"wp-block-themeisle-blocks-advanced-columns-overlay\"><\/div><div class=\"innerblocks-wrap\">\n<div id=\"wp-block-themeisle-blocks-advanced-column-4eb24dca\" class=\"wp-block-themeisle-blocks-advanced-column\"><\/div>\n\n\n\n<div id=\"wp-block-themeisle-blocks-advanced-column-7fbff25c\" class=\"wp-block-themeisle-blocks-advanced-column has-light-bg\">\n<span id=\"wp-block-themeisle-blocks-advanced-heading-a744632a\" class=\"wp-block-themeisle-blocks-advanced-heading wp-block-themeisle-blocks-advanced-heading-a744632a\"><strong>Personal advice for your individual concept<\/strong><\/span>\n\n\n\n<h2 id=\"wp-block-themeisle-blocks-advanced-heading-3d6628c3\" class=\"wp-block-themeisle-blocks-advanced-heading wp-block-themeisle-blocks-advanced-heading-3d6628c3\"><strong>We are happy to advise you!<\/strong><\/h2>\n\n\n\n<div class=\"wp-block-buttons is-horizontal is-content-justification-center is-layout-flex wp-container-core-buttons-is-layout-499968f5 wp-block-buttons-is-layout-flex\">\n<div class=\"wp-block-button is-style-primary\"><a class=\"wp-block-button__link wp-element-button\" href=\"\/en\/contact\/\">Get in contact with us!<\/a><\/div>\n<\/div>\n<\/div>\n\n\n\n<div id=\"wp-block-themeisle-blocks-advanced-column-85879997\" class=\"wp-block-themeisle-blocks-advanced-column\"><\/div>\n<\/div><\/div>","protected":false},"excerpt":{"rendered":"","protected":false},"author":1,"featured_media":0,"parent":683,"menu_order":0,"comment_status":"closed","ping_status":"closed","template":"page-templates\/template-pagebuilder-full-width.php","meta":{"neve_meta_sidebar":"full-width","neve_meta_container":"","neve_meta_enable_content_width":"on","neve_meta_content_width":100,"neve_meta_title_alignment":"","neve_meta_author_avatar":"","neve_post_elements_order":"","neve_meta_disable_header":"","neve_meta_disable_footer":"","neve_meta_disable_title":"on","neve_meta_reading_time":"","_themeisle_gutenberg_block_has_review":false,"footnotes":""},"class_list":["post-3228","page","type-page","status-publish","hentry"],"yoast_head":"<!-- This site is optimized with the Yoast SEO plugin v27.4 - https:\/\/yoast.com\/product\/yoast-seo-wordpress\/ -->\n<title>Medienwand led.wall &#8211; inobjekt Medienm\u00f6bel<\/title>\n<meta name=\"description\" content=\"Die Medienwand led.wall ist die repr\u00e4sentative L\u00f6sung f\u00fcr die Integration von Displays und LED-Panels jeder Gr\u00f6\u00dfe. Individuelle Konfigurationen, Gr\u00f6\u00dfen &amp; Designs machen sie zur idealen L\u00f6sung f\u00fcr Konferenz- und Seminarr\u00e4ume, Foyers und H\u00f6rs\u00e4le.\" \/>\n<meta name=\"robots\" content=\"index, follow, max-snippet:-1, max-image-preview:large, max-video-preview:-1\" \/>\n<link rel=\"canonical\" href=\"https:\/\/inobjekt.com\/en\/conferencing\/media-walls\/led-wall\" \/>\n<meta property=\"og:locale\" content=\"en_GB\" \/>\n<meta property=\"og:type\" content=\"article\" \/>\n<meta property=\"og:title\" content=\"Medienwand led.wall &#8211; inobjekt Medienm\u00f6bel\" \/>\n<meta property=\"og:description\" content=\"Die Medienwand led.wall ist die repr\u00e4sentative L\u00f6sung f\u00fcr die Integration von Displays und LED-Panels jeder Gr\u00f6\u00dfe. Individuelle Konfigurationen, Gr\u00f6\u00dfen &amp; Designs machen sie zur idealen L\u00f6sung f\u00fcr Konferenz- und Seminarr\u00e4ume, Foyers und H\u00f6rs\u00e4le.\" \/>\n<meta property=\"og:url\" content=\"https:\/\/inobjekt.com\/en\/conferencing\/media-walls\/led-wall\" \/>\n<meta property=\"og:site_name\" content=\"inobjekt Medienm\u00f6bel\" \/>\n<meta property=\"article:modified_time\" content=\"2024-03-26T08:02:42+00:00\" \/>\n<meta property=\"og:image\" content=\"https:\/\/inobjekt.com\/wp-content\/uploads\/medienwand_ledwall_header1920.jpg\" \/>\n<meta name=\"twitter:card\" content=\"summary_large_image\" \/>\n<meta name=\"twitter:label1\" content=\"Estimated reading time\" \/>\n\t<meta name=\"twitter:data1\" content=\"2 minutes\" \/>\n<script type=\"application\/ld+json\" class=\"yoast-schema-graph\">{\"@context\":\"https:\\\/\\\/schema.org\",\"@graph\":[{\"@type\":\"WebPage\",\"@id\":\"https:\\\/\\\/inobjekt.com\\\/conferencing\\\/medienwaende\\\/led-wall\",\"url\":\"https:\\\/\\\/inobjekt.com\\\/conferencing\\\/medienwaende\\\/led-wall\",\"name\":\"Medienwand led.wall &#8211; inobjekt Medienm\u00f6bel\",\"isPartOf\":{\"@id\":\"https:\\\/\\\/inobjekt.com\\\/#website\"},\"primaryImageOfPage\":{\"@id\":\"https:\\\/\\\/inobjekt.com\\\/conferencing\\\/medienwaende\\\/led-wall#primaryimage\"},\"image\":{\"@id\":\"https:\\\/\\\/inobjekt.com\\\/conferencing\\\/medienwaende\\\/led-wall#primaryimage\"},\"thumbnailUrl\":\"https:\\\/\\\/inobjekt.com\\\/wp-content\\\/uploads\\\/medienwand_ledwall_header1920.jpg\",\"datePublished\":\"2024-02-05T15:39:47+00:00\",\"dateModified\":\"2024-03-26T08:02:42+00:00\",\"description\":\"Die Medienwand led.wall ist die repr\u00e4sentative L\u00f6sung f\u00fcr die Integration von Displays und LED-Panels jeder Gr\u00f6\u00dfe. Individuelle Konfigurationen, Gr\u00f6\u00dfen & Designs machen sie zur idealen L\u00f6sung f\u00fcr Konferenz- und Seminarr\u00e4ume, Foyers und H\u00f6rs\u00e4le.\",\"breadcrumb\":{\"@id\":\"https:\\\/\\\/inobjekt.com\\\/conferencing\\\/medienwaende\\\/led-wall#breadcrumb\"},\"inLanguage\":\"en-GB\",\"potentialAction\":[{\"@type\":\"ReadAction\",\"target\":[\"https:\\\/\\\/inobjekt.com\\\/conferencing\\\/medienwaende\\\/led-wall\"]}]},{\"@type\":\"ImageObject\",\"inLanguage\":\"en-GB\",\"@id\":\"https:\\\/\\\/inobjekt.com\\\/conferencing\\\/medienwaende\\\/led-wall#primaryimage\",\"url\":\"https:\\\/\\\/inobjekt.com\\\/wp-content\\\/uploads\\\/medienwand_ledwall_header1920.jpg\",\"contentUrl\":\"https:\\\/\\\/inobjekt.com\\\/wp-content\\\/uploads\\\/medienwand_ledwall_header1920.jpg\"},{\"@type\":\"BreadcrumbList\",\"@id\":\"https:\\\/\\\/inobjekt.com\\\/conferencing\\\/medienwaende\\\/led-wall#breadcrumb\",\"itemListElement\":[{\"@type\":\"ListItem\",\"position\":1,\"name\":\"Startseite\",\"item\":\"https:\\\/\\\/inobjekt.com\\\/\"},{\"@type\":\"ListItem\",\"position\":2,\"name\":\"Individuelle Medienm\u00f6bel und Raumkonzepte f\u00fcr Konferenz- und Seminarr\u00e4ume\",\"item\":\"https:\\\/\\\/inobjekt.com\\\/conferencing\"},{\"@type\":\"ListItem\",\"position\":3,\"name\":\"Individuelle Medienw\u00e4nde\",\"item\":\"https:\\\/\\\/inobjekt.com\\\/conferencing\\\/medienwaende\"},{\"@type\":\"ListItem\",\"position\":4,\"name\":\"Medienwand led.wall\"}]},{\"@type\":\"WebSite\",\"@id\":\"https:\\\/\\\/inobjekt.com\\\/#website\",\"url\":\"https:\\\/\\\/inobjekt.com\\\/\",\"name\":\"inobjekt\",\"description\":\"Individuelle Medienm\u00f6bel seit 1991\",\"publisher\":{\"@id\":\"https:\\\/\\\/inobjekt.com\\\/#organization\"},\"potentialAction\":[{\"@type\":\"SearchAction\",\"target\":{\"@type\":\"EntryPoint\",\"urlTemplate\":\"https:\\\/\\\/inobjekt.com\\\/?s={search_term_string}\"},\"query-input\":{\"@type\":\"PropertyValueSpecification\",\"valueRequired\":true,\"valueName\":\"search_term_string\"}}],\"inLanguage\":\"en-GB\"},{\"@type\":\"Organization\",\"@id\":\"https:\\\/\\\/inobjekt.com\\\/#organization\",\"name\":\"inobjekt GmbH\",\"url\":\"https:\\\/\\\/inobjekt.com\\\/\",\"logo\":{\"@type\":\"ImageObject\",\"inLanguage\":\"en-GB\",\"@id\":\"https:\\\/\\\/inobjekt.com\\\/#\\\/schema\\\/logo\\\/image\\\/\",\"url\":\"https:\\\/\\\/inobjekt.com\\\/wp-content\\\/uploads\\\/Firmenlogo.png\",\"contentUrl\":\"https:\\\/\\\/inobjekt.com\\\/wp-content\\\/uploads\\\/Firmenlogo.png\",\"width\":871,\"height\":266,\"caption\":\"inobjekt GmbH\"},\"image\":{\"@id\":\"https:\\\/\\\/inobjekt.com\\\/#\\\/schema\\\/logo\\\/image\\\/\"},\"sameAs\":[\"https:\\\/\\\/www.youtube.com\\\/channel\\\/UCJx3bDoDjvkjI4kJiMFdJ1w\"]}]}<\/script>\n<!-- \/ Yoast SEO plugin. -->","yoast_head_json":{"title":"Media wall led.wall - inobjekt media furniture","description":"The led.wall media wall is the prestigious solution for integrating displays and LED panels of any size. Customised configurations, sizes and designs make it the ideal solution for conference and seminar rooms, foyers and lecture halls.","robots":{"index":"index","follow":"follow","max-snippet":"max-snippet:-1","max-image-preview":"max-image-preview:large","max-video-preview":"max-video-preview:-1"},"canonical":"https:\/\/inobjekt.com\/en\/conferencing\/media-walls\/led-wall","og_locale":"en_GB","og_type":"article","og_title":"Medienwand led.wall &#8211; inobjekt Medienm\u00f6bel","og_description":"Die Medienwand led.wall ist die repr\u00e4sentative L\u00f6sung f\u00fcr die Integration von Displays und LED-Panels jeder Gr\u00f6\u00dfe. Individuelle Konfigurationen, Gr\u00f6\u00dfen & Designs machen sie zur idealen L\u00f6sung f\u00fcr Konferenz- und Seminarr\u00e4ume, Foyers und H\u00f6rs\u00e4le.","og_url":"https:\/\/inobjekt.com\/en\/conferencing\/media-walls\/led-wall","og_site_name":"inobjekt Medienm\u00f6bel","article_modified_time":"2024-03-26T08:02:42+00:00","og_image":[{"url":"https:\/\/inobjekt.com\/wp-content\/uploads\/medienwand_ledwall_header1920.jpg","type":"","width":"","height":""}],"twitter_card":"summary_large_image","twitter_misc":{"Estimated reading time":"2 minutes"},"schema":{"@context":"https:\/\/schema.org","@graph":[{"@type":"WebPage","@id":"https:\/\/inobjekt.com\/conferencing\/medienwaende\/led-wall","url":"https:\/\/inobjekt.com\/conferencing\/medienwaende\/led-wall","name":"Media wall led.wall - inobjekt media furniture","isPartOf":{"@id":"https:\/\/inobjekt.com\/#website"},"primaryImageOfPage":{"@id":"https:\/\/inobjekt.com\/conferencing\/medienwaende\/led-wall#primaryimage"},"image":{"@id":"https:\/\/inobjekt.com\/conferencing\/medienwaende\/led-wall#primaryimage"},"thumbnailUrl":"https:\/\/inobjekt.com\/wp-content\/uploads\/medienwand_ledwall_header1920.jpg","datePublished":"2024-02-05T15:39:47+00:00","dateModified":"2024-03-26T08:02:42+00:00","description":"The led.wall media wall is the prestigious solution for integrating displays and LED panels of any size. Customised configurations, sizes and designs make it the ideal solution for conference and seminar rooms, foyers and lecture halls.","breadcrumb":{"@id":"https:\/\/inobjekt.com\/conferencing\/medienwaende\/led-wall#breadcrumb"},"inLanguage":"en-GB","potentialAction":[{"@type":"ReadAction","target":["https:\/\/inobjekt.com\/conferencing\/medienwaende\/led-wall"]}]},{"@type":"ImageObject","inLanguage":"en-GB","@id":"https:\/\/inobjekt.com\/conferencing\/medienwaende\/led-wall#primaryimage","url":"https:\/\/inobjekt.com\/wp-content\/uploads\/medienwand_ledwall_header1920.jpg","contentUrl":"https:\/\/inobjekt.com\/wp-content\/uploads\/medienwand_ledwall_header1920.jpg"},{"@type":"BreadcrumbList","@id":"https:\/\/inobjekt.com\/conferencing\/medienwaende\/led-wall#breadcrumb","itemListElement":[{"@type":"ListItem","position":1,"name":"Startseite","item":"https:\/\/inobjekt.com\/"},{"@type":"ListItem","position":2,"name":"Individuelle Medienm\u00f6bel und Raumkonzepte f\u00fcr Konferenz- und Seminarr\u00e4ume","item":"https:\/\/inobjekt.com\/conferencing"},{"@type":"ListItem","position":3,"name":"Individuelle Medienw\u00e4nde","item":"https:\/\/inobjekt.com\/conferencing\/medienwaende"},{"@type":"ListItem","position":4,"name":"Medienwand led.wall"}]},{"@type":"WebSite","@id":"https:\/\/inobjekt.com\/#website","url":"https:\/\/inobjekt.com\/","name":"inobjekt","description":"Individual media furniture since 1991","publisher":{"@id":"https:\/\/inobjekt.com\/#organization"},"potentialAction":[{"@type":"SearchAction","target":{"@type":"EntryPoint","urlTemplate":"https:\/\/inobjekt.com\/?s={search_term_string}"},"query-input":{"@type":"PropertyValueSpecification","valueRequired":true,"valueName":"search_term_string"}}],"inLanguage":"en-GB"},{"@type":"Organization","@id":"https:\/\/inobjekt.com\/#organization","name":"inobjekt GmbH","url":"https:\/\/inobjekt.com\/","logo":{"@type":"ImageObject","inLanguage":"en-GB","@id":"https:\/\/inobjekt.com\/#\/schema\/logo\/image\/","url":"https:\/\/inobjekt.com\/wp-content\/uploads\/Firmenlogo.png","contentUrl":"https:\/\/inobjekt.com\/wp-content\/uploads\/Firmenlogo.png","width":871,"height":266,"caption":"inobjekt GmbH"},"image":{"@id":"https:\/\/inobjekt.com\/#\/schema\/logo\/image\/"},"sameAs":["https:\/\/www.youtube.com\/channel\/UCJx3bDoDjvkjI4kJiMFdJ1w"]}]}},"_links":{"self":[{"href":"https:\/\/inobjekt.com\/en\/wp-json\/wp\/v2\/pages\/3228","targetHints":{"allow":["GET"]}}],"collection":[{"href":"https:\/\/inobjekt.com\/en\/wp-json\/wp\/v2\/pages"}],"about":[{"href":"https:\/\/inobjekt.com\/en\/wp-json\/wp\/v2\/types\/page"}],"author":[{"embeddable":true,"href":"https:\/\/inobjekt.com\/en\/wp-json\/wp\/v2\/users\/1"}],"replies":[{"embeddable":true,"href":"https:\/\/inobjekt.com\/en\/wp-json\/wp\/v2\/comments?post=3228"}],"version-history":[{"count":20,"href":"https:\/\/inobjekt.com\/en\/wp-json\/wp\/v2\/pages\/3228\/revisions"}],"predecessor-version":[{"id":3539,"href":"https:\/\/inobjekt.com\/en\/wp-json\/wp\/v2\/pages\/3228\/revisions\/3539"}],"up":[{"embeddable":true,"href":"https:\/\/inobjekt.com\/en\/wp-json\/wp\/v2\/pages\/683"}],"wp:attachment":[{"href":"https:\/\/inobjekt.com\/en\/wp-json\/wp\/v2\/media?parent=3228"}],"curies":[{"name":"wp","href":"https:\/\/api.w.org\/{rel}","templated":true}]}}